{"id":6496,"date":"2026-02-17T22:02:51","date_gmt":"2026-02-17T21:02:51","guid":{"rendered":"https:\/\/fidari-market.com\/?post_type=product&#038;p=6496"},"modified":"2026-02-25T12:24:42","modified_gmt":"2026-02-25T11:24:42","slug":"cotex-style-2rx-jek5px-2-3-2-2-2-2-2","status":"publish","type":"product","link":"https:\/\/fidari-market.com\/index.php\/produit\/cotex-style-2rx-jek5px-2-3-2-2-2-2-2\/","title":{"rendered":"Cotex \u00c9l\u00e9gance 25"},"content":{"rendered":"<p>Serviette caf\u00e9 25 pi\u00e8ces<\/p>\n","protected":false},"excerpt":{"rendered":"<p>Serviette caf\u00e9 25 pi\u00e8ces<\/p>\n","protected":false},"featured_media":6497,"comment_status":"open","ping_status":"closed","template":"","meta":[],"product_brand":[],"product_cat":[195],"product_tag":[],"class_list":{"0":"post-6496","1":"product","2":"type-product","3":"status-publish","4":"has-post-thumbnail","6":"product_cat-cotex-hygiene","8":"first","9":"instock","10":"shipping-taxable","11":"purchasable","12":"product-type-simple"},"_links":{"self":[{"href":"https:\/\/fidari-market.com\/index.php\/wp-json\/wp\/v2\/product\/6496","targetHints":{"allow":["GET"]}}],"collection":[{"href":"https:\/\/fidari-market.com\/index.php\/wp-json\/wp\/v2\/product"}],"about":[{"href":"https:\/\/fidari-market.com\/index.php\/wp-json\/wp\/v2\/types\/product"}],"replies":[{"embeddable":true,"href":"https:\/\/fidari-market.com\/index.php\/wp-json\/wp\/v2\/comments?post=6496"}],"wp:featuredmedia":[{"embeddable":true,"href":"https:\/\/fidari-market.com\/index.php\/wp-json\/wp\/v2\/media\/6497"}],"wp:attachment":[{"href":"https:\/\/fidari-market.com\/index.php\/wp-json\/wp\/v2\/media?parent=6496"}],"wp:term":[{"taxonomy":"product_brand","embeddable":true,"href":"https:\/\/fidari-market.com\/index.php\/wp-json\/wp\/v2\/product_brand?post=6496"},{"taxonomy":"product_cat","embeddable":true,"href":"https:\/\/fidari-market.com\/index.php\/wp-json\/wp\/v2\/product_cat?post=6496"},{"taxonomy":"product_tag","embeddable":true,"href":"https:\/\/fidari-market.com\/index.php\/wp-json\/wp\/v2\/product_tag?post=6496"}],"curies":[{"name":"wp","href":"https:\/\/api.w.org\/{rel}","templated":true}]}}