{"id":6197,"date":"2025-11-05T11:47:24","date_gmt":"2025-11-05T10:47:24","guid":{"rendered":"https:\/\/fidari-market.com\/?post_type=product&#038;p=6197"},"modified":"2025-11-05T19:02:02","modified_gmt":"2025-11-05T18:02:02","slug":"shampo-gel-douche-au-charbon-actif-360ml-dzwnva-2-2-2-3-2-4-2-2-2-2-2-2-2-2","status":"publish","type":"product","link":"https:\/\/fidari-market.com\/index.php\/produit\/shampo-gel-douche-au-charbon-actif-360ml-dzwnva-2-2-2-3-2-4-2-2-2-2-2-2-2-2\/","title":{"rendered":"Dahlia A\/Shamp. Mytic oil"},"content":{"rendered":"<p>Apr\u00e8s shampooing illumine les cheveux color\u00e9s et m\u00e8ches<\/p>\n","protected":false},"excerpt":{"rendered":"<p>Apr\u00e8s shampooing illumine les cheveux color\u00e9s et m\u00e8ches<\/p>\n","protected":false},"featured_media":6213,"comment_status":"open","ping_status":"closed","template":"","meta":[],"product_brand":[],"product_cat":[234,153],"product_tag":[],"class_list":{"0":"post-6197","1":"product","2":"type-product","3":"status-publish","4":"has-post-thumbnail","6":"product_cat-dahlia-cos","7":"product_cat-shampoing-apres-shampoing-gel-douche","9":"first","10":"instock","11":"shipping-taxable","12":"purchasable","13":"product-type-simple"},"_links":{"self":[{"href":"https:\/\/fidari-market.com\/index.php\/wp-json\/wp\/v2\/product\/6197","targetHints":{"allow":["GET"]}}],"collection":[{"href":"https:\/\/fidari-market.com\/index.php\/wp-json\/wp\/v2\/product"}],"about":[{"href":"https:\/\/fidari-market.com\/index.php\/wp-json\/wp\/v2\/types\/product"}],"replies":[{"embeddable":true,"href":"https:\/\/fidari-market.com\/index.php\/wp-json\/wp\/v2\/comments?post=6197"}],"wp:featuredmedia":[{"embeddable":true,"href":"https:\/\/fidari-market.com\/index.php\/wp-json\/wp\/v2\/media\/6213"}],"wp:attachment":[{"href":"https:\/\/fidari-market.com\/index.php\/wp-json\/wp\/v2\/media?parent=6197"}],"wp:term":[{"taxonomy":"product_brand","embeddable":true,"href":"https:\/\/fidari-market.com\/index.php\/wp-json\/wp\/v2\/product_brand?post=6197"},{"taxonomy":"product_cat","embeddable":true,"href":"https:\/\/fidari-market.com\/index.php\/wp-json\/wp\/v2\/product_cat?post=6197"},{"taxonomy":"product_tag","embeddable":true,"href":"https:\/\/fidari-market.com\/index.php\/wp-json\/wp\/v2\/product_tag?post=6197"}],"curies":[{"name":"wp","href":"https:\/\/api.w.org\/{rel}","templated":true}]}}