{"id":6116,"date":"2025-11-02T10:50:35","date_gmt":"2025-11-02T09:50:35","guid":{"rendered":"https:\/\/fidari-market.com\/?post_type=product&#038;p=6116"},"modified":"2025-11-02T19:43:17","modified_gmt":"2025-11-02T18:43:17","slug":"shampo-gel-douche-au-charbon-actif-360ml-dzwnva-2-2-3","status":"publish","type":"product","link":"https:\/\/fidari-market.com\/index.php\/produit\/shampo-gel-douche-au-charbon-actif-360ml-dzwnva-2-2-3\/","title":{"rendered":"Swalis Gel visage D\u00e9tox"},"content":{"rendered":"<p>Charbon v\u00e9g\u00e9tal 5en1<\/p>\n","protected":false},"excerpt":{"rendered":"<p>Charbon v\u00e9g\u00e9tal 5en1<\/p>\n","protected":false},"featured_media":6171,"comment_status":"open","ping_status":"closed","template":"","meta":[],"product_brand":[],"product_cat":[153,231],"product_tag":[],"class_list":{"0":"post-6116","1":"product","2":"type-product","3":"status-publish","4":"has-post-thumbnail","6":"product_cat-shampoing-apres-shampoing-gel-douche","7":"product_cat-swalis","9":"first","10":"instock","11":"shipping-taxable","12":"purchasable","13":"product-type-simple"},"_links":{"self":[{"href":"https:\/\/fidari-market.com\/index.php\/wp-json\/wp\/v2\/product\/6116","targetHints":{"allow":["GET"]}}],"collection":[{"href":"https:\/\/fidari-market.com\/index.php\/wp-json\/wp\/v2\/product"}],"about":[{"href":"https:\/\/fidari-market.com\/index.php\/wp-json\/wp\/v2\/types\/product"}],"replies":[{"embeddable":true,"href":"https:\/\/fidari-market.com\/index.php\/wp-json\/wp\/v2\/comments?post=6116"}],"wp:featuredmedia":[{"embeddable":true,"href":"https:\/\/fidari-market.com\/index.php\/wp-json\/wp\/v2\/media\/6171"}],"wp:attachment":[{"href":"https:\/\/fidari-market.com\/index.php\/wp-json\/wp\/v2\/media?parent=6116"}],"wp:term":[{"taxonomy":"product_brand","embeddable":true,"href":"https:\/\/fidari-market.com\/index.php\/wp-json\/wp\/v2\/product_brand?post=6116"},{"taxonomy":"product_cat","embeddable":true,"href":"https:\/\/fidari-market.com\/index.php\/wp-json\/wp\/v2\/product_cat?post=6116"},{"taxonomy":"product_tag","embeddable":true,"href":"https:\/\/fidari-market.com\/index.php\/wp-json\/wp\/v2\/product_tag?post=6116"}],"curies":[{"name":"wp","href":"https:\/\/api.w.org\/{rel}","templated":true}]}}