{"id":4613,"date":"2025-07-27T11:59:21","date_gmt":"2025-07-27T09:59:21","guid":{"rendered":"http:\/\/localhost\/fidarimarketwp\/index.php\/produit\/flux-care-eau-de-coco-aloe-vera-265ml-xli8hq\/"},"modified":"2025-11-02T14:13:36","modified_gmt":"2025-11-02T13:13:36","slug":"flux-care-eau-de-coco-aloe-vera-265ml-xli8hq","status":"publish","type":"product","link":"https:\/\/fidari-market.com\/index.php\/produit\/flux-care-eau-de-coco-aloe-vera-265ml-xli8hq\/","title":{"rendered":"Flux care Apr\u00e8s shamp.coco &amp; aloe"},"content":{"rendered":"<p>Apr\u00e8s shampooing eau de coco &amp; Alo\u00e9 Vera<\/p>\n","protected":false},"excerpt":{"rendered":"<p>Apr\u00e8s shampooing eau de coco &amp; Alo\u00e9 Vera<\/p>\n","protected":false},"featured_media":6144,"comment_status":"open","ping_status":"closed","template":"","meta":[],"product_brand":[],"product_cat":[82,153,156],"product_tag":[],"class_list":{"0":"post-4613","1":"product","2":"type-product","3":"status-publish","4":"has-post-thumbnail","6":"product_cat-cosmetique-hygiene","7":"product_cat-shampoing-apres-shampoing-gel-douche","8":"product_cat-flux-care","10":"first","11":"instock","12":"shipping-taxable","13":"purchasable","14":"product-type-simple"},"_links":{"self":[{"href":"https:\/\/fidari-market.com\/index.php\/wp-json\/wp\/v2\/product\/4613","targetHints":{"allow":["GET"]}}],"collection":[{"href":"https:\/\/fidari-market.com\/index.php\/wp-json\/wp\/v2\/product"}],"about":[{"href":"https:\/\/fidari-market.com\/index.php\/wp-json\/wp\/v2\/types\/product"}],"replies":[{"embeddable":true,"href":"https:\/\/fidari-market.com\/index.php\/wp-json\/wp\/v2\/comments?post=4613"}],"wp:featuredmedia":[{"embeddable":true,"href":"https:\/\/fidari-market.com\/index.php\/wp-json\/wp\/v2\/media\/6144"}],"wp:attachment":[{"href":"https:\/\/fidari-market.com\/index.php\/wp-json\/wp\/v2\/media?parent=4613"}],"wp:term":[{"taxonomy":"product_brand","embeddable":true,"href":"https:\/\/fidari-market.com\/index.php\/wp-json\/wp\/v2\/product_brand?post=4613"},{"taxonomy":"product_cat","embeddable":true,"href":"https:\/\/fidari-market.com\/index.php\/wp-json\/wp\/v2\/product_cat?post=4613"},{"taxonomy":"product_tag","embeddable":true,"href":"https:\/\/fidari-market.com\/index.php\/wp-json\/wp\/v2\/product_tag?post=4613"}],"curies":[{"name":"wp","href":"https:\/\/api.w.org\/{rel}","templated":true}]}}